{"id":5085,"date":"2025-02-03T15:00:58","date_gmt":"2025-02-03T15:00:58","guid":{"rendered":"https:\/\/thecookingbook.apieceofpie.com\/?page_id=5085"},"modified":"2025-02-03T20:41:48","modified_gmt":"2025-02-03T20:41:48","slug":"evento-enfoque-genero","status":"publish","type":"page","link":"https:\/\/thecookingbook.apieceofpie.com\/?page_id=5085","title":{"rendered":"Evento Enfoque Genero"},"content":{"rendered":"\t\t<div data-elementor-type=\"wp-page\" data-elementor-id=\"5085\" class=\"elementor elementor-5085\" data-elementor-post-type=\"page\">\n\t\t\t\t<div class=\"elementor-element elementor-element-f997a15 e-transform e-flex e-con-boxed wpr-particle-no wpr-jarallax-no wpr-parallax-no wpr-sticky-section-no e-con e-parent\" data-id=\"f997a15\" data-element_type=\"container\" data-e-type=\"container\" data-settings=\"{&quot;_transform_scale_effect_mobile&quot;:{&quot;unit&quot;:&quot;px&quot;,&quot;size&quot;:1,&quot;sizes&quot;:[]},&quot;_transform_scale_effect&quot;:{&quot;unit&quot;:&quot;px&quot;,&quot;size&quot;:&quot;&quot;,&quot;sizes&quot;:[]},&quot;_transform_scale_effect_tablet&quot;:{&quot;unit&quot;:&quot;px&quot;,&quot;size&quot;:&quot;&quot;,&quot;sizes&quot;:[]}}\">\n\t\t\t\t\t<div class=\"e-con-inner\">\n\t\t<div class=\"elementor-element elementor-element-7004f13 e-con-full e-flex wpr-particle-no wpr-jarallax-no wpr-parallax-no wpr-sticky-section-no e-con e-child\" data-id=\"7004f13\" data-element_type=\"container\" data-e-type=\"container\">\n\t\t<div class=\"elementor-element elementor-element-6a0cc69 e-con-full e-flex wpr-particle-no wpr-jarallax-no wpr-parallax-no wpr-sticky-section-no e-con e-child\" data-id=\"6a0cc69\" data-element_type=\"container\" data-e-type=\"container\">\n\t\t\t\t<div class=\"elementor-element elementor-element-d52e28c gallery-spacing-custom elementor-widget elementor-widget-image-gallery\" data-id=\"d52e28c\" data-element_type=\"widget\" data-e-type=\"widget\" data-widget_type=\"image-gallery.default\">\n\t\t\t\t<div class=\"elementor-widget-container\">\n\t\t\t\t\t\t\t<div class=\"elementor-image-gallery\">\n\t\t\t<div id='gallery-1' class='gallery galleryid-5085 gallery-columns-2 gallery-size-full'><figure class='gallery-item'>\n\t\t\t<div class='gallery-icon landscape'>\n\t\t\t\t<a data-elementor-open-lightbox=\"yes\" data-elementor-lightbox-slideshow=\"d52e28c\" data-elementor-lightbox-title=\"Genero\" data-e-action-hash=\"#elementor-action%3Aaction%3Dlightbox%26settings%3DeyJpZCI6NDk4MiwidXJsIjoiaHR0cHM6XC9cL3RoZWNvb2tpbmdib29rLmFwaWVjZW9mcGllLmNvbVwvd3AtY29udGVudFwvdXBsb2Fkc1wvMjAyNVwvMDJcL0dlbmVyby5wbmciLCJzbGlkZXNob3ciOiJkNTJlMjhjIn0%3D\" href='https:\/\/thecookingbook.apieceofpie.com\/wp-content\/uploads\/2025\/02\/Genero.png'><img fetchpriority=\"high\" decoding=\"async\" width=\"1711\" height=\"958\" src=\"https:\/\/thecookingbook.apieceofpie.com\/wp-content\/uploads\/2025\/02\/Genero.png\" class=\"attachment-full size-full\" alt=\"\" srcset=\"https:\/\/thecookingbook.apieceofpie.com\/wp-content\/uploads\/2025\/02\/Genero.png 1711w, https:\/\/thecookingbook.apieceofpie.com\/wp-content\/uploads\/2025\/02\/Genero-300x168.png 300w, https:\/\/thecookingbook.apieceofpie.com\/wp-content\/uploads\/2025\/02\/Genero-1024x573.png 1024w, https:\/\/thecookingbook.apieceofpie.com\/wp-content\/uploads\/2025\/02\/Genero-768x430.png 768w, https:\/\/thecookingbook.apieceofpie.com\/wp-content\/uploads\/2025\/02\/Genero-1536x860.png 1536w\" sizes=\"(max-width: 1711px) 100vw, 1711px\" \/><\/a>\n\t\t\t<\/div><\/figure><figure class='gallery-item'>\n\t\t\t<div class='gallery-icon landscape'>\n\t\t\t\t<a data-elementor-open-lightbox=\"yes\" data-elementor-lightbox-slideshow=\"d52e28c\" data-elementor-lightbox-title=\"Genero (2)\" data-e-action-hash=\"#elementor-action%3Aaction%3Dlightbox%26settings%3DeyJpZCI6NTA5MiwidXJsIjoiaHR0cHM6XC9cL3RoZWNvb2tpbmdib29rLmFwaWVjZW9mcGllLmNvbVwvd3AtY29udGVudFwvdXBsb2Fkc1wvMjAyNVwvMDJcL0dlbmVyby0yLnBuZyIsInNsaWRlc2hvdyI6ImQ1MmUyOGMifQ%3D%3D\" href='https:\/\/thecookingbook.apieceofpie.com\/wp-content\/uploads\/2025\/02\/Genero-2.png'><img decoding=\"async\" width=\"1277\" height=\"720\" src=\"https:\/\/thecookingbook.apieceofpie.com\/wp-content\/uploads\/2025\/02\/Genero-2.png\" class=\"attachment-full size-full\" alt=\"\" srcset=\"https:\/\/thecookingbook.apieceofpie.com\/wp-content\/uploads\/2025\/02\/Genero-2.png 1277w, https:\/\/thecookingbook.apieceofpie.com\/wp-content\/uploads\/2025\/02\/Genero-2-300x169.png 300w, https:\/\/thecookingbook.apieceofpie.com\/wp-content\/uploads\/2025\/02\/Genero-2-1024x577.png 1024w, https:\/\/thecookingbook.apieceofpie.com\/wp-content\/uploads\/2025\/02\/Genero-2-768x433.png 768w\" sizes=\"(max-width: 1277px) 100vw, 1277px\" \/><\/a>\n\t\t\t<\/div><\/figure><figure class='gallery-item'>\n\t\t\t<div class='gallery-icon landscape'>\n\t\t\t\t<a data-elementor-open-lightbox=\"yes\" data-elementor-lightbox-slideshow=\"d52e28c\" data-elementor-lightbox-title=\"Genero (3)\" data-e-action-hash=\"#elementor-action%3Aaction%3Dlightbox%26settings%3DeyJpZCI6NTA5MywidXJsIjoiaHR0cHM6XC9cL3RoZWNvb2tpbmdib29rLmFwaWVjZW9mcGllLmNvbVwvd3AtY29udGVudFwvdXBsb2Fkc1wvMjAyNVwvMDJcL0dlbmVyby0zLnBuZyIsInNsaWRlc2hvdyI6ImQ1MmUyOGMifQ%3D%3D\" href='https:\/\/thecookingbook.apieceofpie.com\/wp-content\/uploads\/2025\/02\/Genero-3.png'><img decoding=\"async\" width=\"1277\" height=\"715\" src=\"https:\/\/thecookingbook.apieceofpie.com\/wp-content\/uploads\/2025\/02\/Genero-3.png\" class=\"attachment-full size-full\" alt=\"\" srcset=\"https:\/\/thecookingbook.apieceofpie.com\/wp-content\/uploads\/2025\/02\/Genero-3.png 1277w, https:\/\/thecookingbook.apieceofpie.com\/wp-content\/uploads\/2025\/02\/Genero-3-300x168.png 300w, https:\/\/thecookingbook.apieceofpie.com\/wp-content\/uploads\/2025\/02\/Genero-3-1024x573.png 1024w, https:\/\/thecookingbook.apieceofpie.com\/wp-content\/uploads\/2025\/02\/Genero-3-768x430.png 768w\" sizes=\"(max-width: 1277px) 100vw, 1277px\" \/><\/a>\n\t\t\t<\/div><\/figure><figure class='gallery-item'>\n\t\t\t<div class='gallery-icon landscape'>\n\t\t\t\t<a data-elementor-open-lightbox=\"yes\" data-elementor-lightbox-slideshow=\"d52e28c\" data-elementor-lightbox-title=\"Genero (4)\" data-e-action-hash=\"#elementor-action%3Aaction%3Dlightbox%26settings%3DeyJpZCI6NTEwMSwidXJsIjoiaHR0cHM6XC9cL3RoZWNvb2tpbmdib29rLmFwaWVjZW9mcGllLmNvbVwvd3AtY29udGVudFwvdXBsb2Fkc1wvMjAyNVwvMDJcL0dlbmVyby00LnBuZyIsInNsaWRlc2hvdyI6ImQ1MmUyOGMifQ%3D%3D\" href='https:\/\/thecookingbook.apieceofpie.com\/wp-content\/uploads\/2025\/02\/Genero-4.png'><img loading=\"lazy\" decoding=\"async\" width=\"1278\" height=\"718\" src=\"https:\/\/thecookingbook.apieceofpie.com\/wp-content\/uploads\/2025\/02\/Genero-4.png\" class=\"attachment-full size-full\" alt=\"\" srcset=\"https:\/\/thecookingbook.apieceofpie.com\/wp-content\/uploads\/2025\/02\/Genero-4.png 1278w, https:\/\/thecookingbook.apieceofpie.com\/wp-content\/uploads\/2025\/02\/Genero-4-300x169.png 300w, https:\/\/thecookingbook.apieceofpie.com\/wp-content\/uploads\/2025\/02\/Genero-4-1024x575.png 1024w, https:\/\/thecookingbook.apieceofpie.com\/wp-content\/uploads\/2025\/02\/Genero-4-768x431.png 768w\" sizes=\"(max-width: 1278px) 100vw, 1278px\" \/><\/a>\n\t\t\t<\/div><\/figure>\n\t\t<\/div>\n\t\t<\/div>\n\t\t\t\t\t\t<\/div>\n\t\t\t\t<\/div>\n\t\t\t\t<\/div>\n\t\t\t\t<\/div>\n\t\t<div class=\"elementor-element elementor-element-130df07 e-con-full e-flex wpr-particle-no wpr-jarallax-no wpr-parallax-no wpr-sticky-section-no e-con e-child\" data-id=\"130df07\" data-element_type=\"container\" data-e-type=\"container\">\n\t\t\t\t<div class=\"elementor-element elementor-element-58c20a1 elementor-widget elementor-widget-heading\" data-id=\"58c20a1\" data-element_type=\"widget\" data-e-type=\"widget\" data-widget_type=\"heading.default\">\n\t\t\t\t<div class=\"elementor-widget-container\">\n\t\t\t\t\t<h5 class=\"elementor-heading-title elementor-size-default\">Patient-centricity con enfoque de g\u00e9nero <\/h5>\t\t\t\t<\/div>\n\t\t\t\t<\/div>\n\t\t\t\t<div class=\"elementor-element elementor-element-1d1bd57 elementor-widget elementor-widget-text-editor\" data-id=\"1d1bd57\" data-element_type=\"widget\" data-e-type=\"widget\" data-widget_type=\"text-editor.default\">\n\t\t\t\t<div class=\"elementor-widget-container\">\n\t\t\t\t\t\t\t\t\t<p><span data-contrast=\"none\">Este proyecto busca aplicar <strong>la antropolog\u00eda m\u00e9dica, el dise\u00f1o estrat\u00e9gico y la innovaci\u00f3n a proyectos de consultor\u00eda de salud. <\/strong><\/span><strong>\u00a0<\/strong><br \/><span data-contrast=\"none\">Para esto, se muestra l<strong>a implementaci\u00f3n del modelo de Patient-Centricity de APOP<\/strong> con enfoque de g\u00e9nero, en donde se profundiza en dos de las cuatro \u00e1reas de la matriz: <strong>\u201cAprendizaje \u00e1gil\u201d y \u201cAcciones inmediatas\u201d.<\/strong> Adicionalmente, se brindan diferentes herramientas para cada \u00e1rea.<\/span><span data-ccp-props=\"{&quot;134233117&quot;:false,&quot;134233118&quot;:false,&quot;201341983&quot;:0,&quot;335551550&quot;:1,&quot;335551620&quot;:1,&quot;335559685&quot;:0,&quot;335559737&quot;:0,&quot;335559738&quot;:0,&quot;335559739&quot;:0,&quot;335559740&quot;:240}\">\u00a0<\/span><\/p><p><span data-ccp-props=\"{&quot;134233117&quot;:false,&quot;134233118&quot;:false,&quot;201341983&quot;:0,&quot;335551550&quot;:1,&quot;335551620&quot;:1,&quot;335559685&quot;:0,&quot;335559737&quot;:0,&quot;335559738&quot;:0,&quot;335559739&quot;:0,&quot;335559740&quot;:240}\">\u00a0<\/span><span data-contrast=\"none\">Este material busca m<\/span><span data-contrast=\"none\">apear oportunidades de negocio relacionadas con temas de diversidad e inclusi\u00f3n que ya est\u00e1 haciendo la Industria y as\u00ed promover perspectivas de trabajo poco usuales para los clientes, pero que pueden generar m\u00faltiples oportunidades para trabajar.<\/span><span data-ccp-props=\"{&quot;134233117&quot;:false,&quot;134233118&quot;:false,&quot;201341983&quot;:0,&quot;335551550&quot;:1,&quot;335551620&quot;:1,&quot;335559685&quot;:0,&quot;335559737&quot;:0,&quot;335559738&quot;:0,&quot;335559739&quot;:0,&quot;335559740&quot;:240}\">\u00a0<\/span><\/p>\t\t\t\t\t\t\t\t<\/div>\n\t\t\t\t<\/div>\n\t\t\t\t<div class=\"elementor-element elementor-element-4de0013 elementor-widget elementor-widget-spacer\" data-id=\"4de0013\" data-element_type=\"widget\" data-e-type=\"widget\" data-widget_type=\"spacer.default\">\n\t\t\t\t<div class=\"elementor-widget-container\">\n\t\t\t\t\t\t\t<div class=\"elementor-spacer\">\n\t\t\t<div class=\"elementor-spacer-inner\"><\/div>\n\t\t<\/div>\n\t\t\t\t\t\t<\/div>\n\t\t\t\t<\/div>\n\t\t\t\t<div class=\"elementor-element elementor-element-2ed81e1 elementor-align-justify elementor-widget elementor-widget-button\" data-id=\"2ed81e1\" data-element_type=\"widget\" data-e-type=\"widget\" data-widget_type=\"button.default\">\n\t\t\t\t<div class=\"elementor-widget-container\">\n\t\t\t\t\t\t\t\t\t<div class=\"elementor-button-wrapper\">\n\t\t\t\t\t<a class=\"elementor-button elementor-button-link elementor-size-sm\" href=\"http:\/\/thecookingbook.apieceofpie.com\/wp-content\/uploads\/2025\/02\/240318_Genero.pdf\" target=\"_blank\">\n\t\t\t\t\t\t<span class=\"elementor-button-content-wrapper\">\n\t\t\t\t\t\t<span class=\"elementor-button-icon\">\n\t\t\t\t<i aria-hidden=\"true\" class=\"fas fa-file-download\"><\/i>\t\t\t<\/span>\n\t\t\t\t\t\t\t\t\t<span class=\"elementor-button-text\">Descargar documento<\/span>\n\t\t\t\t\t<\/span>\n\t\t\t\t\t<\/a>\n\t\t\t\t<\/div>\n\t\t\t\t\t\t\t\t<\/div>\n\t\t\t\t<\/div>\n\t\t\t\t<\/div>\n\t\t\t\t\t<\/div>\n\t\t\t\t<\/div>\n\t\t<div class=\"elementor-element elementor-element-e5bdc25 e-flex e-con-boxed wpr-particle-no wpr-jarallax-no wpr-parallax-no wpr-sticky-section-no e-con e-parent\" data-id=\"e5bdc25\" data-element_type=\"container\" data-e-type=\"container\">\n\t\t\t\t\t<div class=\"e-con-inner\">\n\t\t\t\t<div class=\"elementor-element elementor-element-d43b8b7 elementor-widget elementor-widget-spacer\" data-id=\"d43b8b7\" data-element_type=\"widget\" data-e-type=\"widget\" data-widget_type=\"spacer.default\">\n\t\t\t\t<div class=\"elementor-widget-container\">\n\t\t\t\t\t\t\t<div class=\"elementor-spacer\">\n\t\t\t<div class=\"elementor-spacer-inner\"><\/div>\n\t\t<\/div>\n\t\t\t\t\t\t<\/div>\n\t\t\t\t<\/div>\n\t\t\t\t\t<\/div>\n\t\t\t\t<\/div>\n\t\t<div class=\"elementor-element elementor-element-1557724a e-flex e-con-boxed wpr-particle-no wpr-jarallax-no wpr-parallax-no wpr-sticky-section-no e-con e-parent\" data-id=\"1557724a\" data-element_type=\"container\" data-e-type=\"container\" data-settings=\"{&quot;background_background&quot;:&quot;classic&quot;}\">\n\t\t\t\t\t<div class=\"e-con-inner\">\n\t\t<div class=\"elementor-element elementor-element-3f4065f e-con-full e-flex wpr-particle-no wpr-jarallax-no wpr-parallax-no wpr-sticky-section-no e-con e-child\" data-id=\"3f4065f\" data-element_type=\"container\" data-e-type=\"container\">\n\t\t\t\t<div class=\"elementor-element elementor-element-4f1a8852 elementor-widget elementor-widget-image\" data-id=\"4f1a8852\" data-element_type=\"widget\" data-e-type=\"widget\" data-widget_type=\"image.default\">\n\t\t\t\t<div class=\"elementor-widget-container\">\n\t\t\t\t\t\t\t\t\t\t\t\t\t\t\t<img loading=\"lazy\" decoding=\"async\" width=\"1024\" height=\"264\" src=\"https:\/\/thecookingbook.apieceofpie.com\/wp-content\/uploads\/2025\/01\/POPMain-Logo-White@2x-1024x264.png\" class=\"attachment-large size-large wp-image-4381\" alt=\"\" srcset=\"https:\/\/thecookingbook.apieceofpie.com\/wp-content\/uploads\/2025\/01\/POPMain-Logo-White@2x-1024x264.png 1024w, https:\/\/thecookingbook.apieceofpie.com\/wp-content\/uploads\/2025\/01\/POPMain-Logo-White@2x-300x77.png 300w, https:\/\/thecookingbook.apieceofpie.com\/wp-content\/uploads\/2025\/01\/POPMain-Logo-White@2x-768x198.png 768w, https:\/\/thecookingbook.apieceofpie.com\/wp-content\/uploads\/2025\/01\/POPMain-Logo-White@2x-1536x396.png 1536w, https:\/\/thecookingbook.apieceofpie.com\/wp-content\/uploads\/2025\/01\/POPMain-Logo-White@2x.png 1724w\" sizes=\"(max-width: 1024px) 100vw, 1024px\" \/>\t\t\t\t\t\t\t\t\t\t\t\t\t\t\t<\/div>\n\t\t\t\t<\/div>\n\t\t\t\t<\/div>\n\t\t<div class=\"elementor-element elementor-element-27a6d698 e-con-full e-flex wpr-particle-no wpr-jarallax-no wpr-parallax-no wpr-sticky-section-no e-con e-child\" data-id=\"27a6d698\" data-element_type=\"container\" data-e-type=\"container\">\n\t\t\t\t<\/div>\n\t\t\t\t\t<\/div>\n\t\t\t\t<\/div>\n\t\t\t\t<\/div>\n\t\t","protected":false},"excerpt":{"rendered":"<p>Patient-centricity con enfoque de g\u00e9nero Este proyecto busca aplicar la antropolog\u00eda m\u00e9dica, el dise\u00f1o estrat\u00e9gico y la innovaci\u00f3n a proyectos de consultor\u00eda de salud. \u00a0Para esto, se muestra la implementaci\u00f3n del modelo de Patient-Centricity de APOP con enfoque de g\u00e9nero, en donde se profundiza en dos de las cuatro \u00e1reas de la matriz: \u201cAprendizaje \u00e1gil\u201d y \u201cAcciones inmediatas\u201d. Adicionalmente, se brindan diferentes herramientas para cada \u00e1rea.\u00a0 \u00a0Este material busca mapear oportunidades de negocio relacionadas con temas de diversidad e inclusi\u00f3n que ya est\u00e1 haciendo la Industria y as\u00ed promover perspectivas de trabajo poco usuales para los clientes, pero que pueden generar m\u00faltiples oportunidades para trabajar.\u00a0 Descargar documento<\/p>\n","protected":false},"author":4,"featured_media":0,"parent":1648,"menu_order":0,"comment_status":"closed","ping_status":"closed","template":"","meta":{"content-type":"","site-sidebar-layout":"no-sidebar","site-content-layout":"","ast-site-content-layout":"full-width-container","site-content-style":"default","site-sidebar-style":"default","ast-global-header-display":"","ast-banner-title-visibility":"","ast-main-header-display":"","ast-hfb-above-header-display":"","ast-hfb-below-header-display":"","ast-hfb-mobile-header-display":"","site-post-title":"","ast-breadcrumbs-content":"","ast-featured-img":"disabled","footer-sml-layout":"","theme-transparent-header-meta":"","adv-header-id-meta":"","stick-header-meta":"","header-above-stick-meta":"","header-main-stick-meta":"","header-below-stick-meta":"","astra-migrate-meta-layouts":"default","ast-page-background-enabled":"default","ast-page-background-meta":{"desktop":{"background-color":"var(--ast-global-color-4)","background-image":"","background-repeat":"repeat","background-position":"center center","background-size":"auto","background-attachment":"scroll","background-type":"","background-media":"","overlay-type":"","overlay-color":"","overlay-opacity":"","overlay-gradient":""},"tablet":{"background-color":"","background-image":"","background-repeat":"repeat","background-position":"center center","background-size":"auto","background-attachment":"scroll","background-type":"","background-media":"","overlay-type":"","overlay-color":"","overlay-opacity":"","overlay-gradient":""},"mobile":{"background-color":"","background-image":"","background-repeat":"repeat","background-position":"center center","background-size":"auto","background-attachment":"scroll","background-type":"","background-media":"","overlay-type":"","overlay-color":"","overlay-opacity":"","overlay-gradient":""}},"ast-content-background-meta":{"desktop":{"background-color":"var(--ast-global-color-5)","background-image":"","background-repeat":"repeat","background-position":"center center","background-size":"auto","background-attachment":"scroll","background-type":"","background-media":"","overlay-type":"","overlay-color":"","overlay-opacity":"","overlay-gradient":""},"tablet":{"background-color":"var(--ast-global-color-5)","background-image":"","background-repeat":"repeat","background-position":"center center","background-size":"auto","background-attachment":"scroll","background-type":"","background-media":"","overlay-type":"","overlay-color":"","overlay-opacity":"","overlay-gradient":""},"mobile":{"background-color":"var(--ast-global-color-5)","background-image":"","background-repeat":"repeat","background-position":"center center","background-size":"auto","background-attachment":"scroll","background-type":"","background-media":"","overlay-type":"","overlay-color":"","overlay-opacity":"","overlay-gradient":""}},"footnotes":""},"folder":[18],"class_list":["post-5085","page","type-page","status-publish","hentry"],"_links":{"self":[{"href":"https:\/\/thecookingbook.apieceofpie.com\/index.php?rest_route=\/wp\/v2\/pages\/5085"}],"collection":[{"href":"https:\/\/thecookingbook.apieceofpie.com\/index.php?rest_route=\/wp\/v2\/pages"}],"about":[{"href":"https:\/\/thecookingbook.apieceofpie.com\/index.php?rest_route=\/wp\/v2\/types\/page"}],"author":[{"embeddable":true,"href":"https:\/\/thecookingbook.apieceofpie.com\/index.php?rest_route=\/wp\/v2\/users\/4"}],"replies":[{"embeddable":true,"href":"https:\/\/thecookingbook.apieceofpie.com\/index.php?rest_route=%2Fwp%2Fv2%2Fcomments&post=5085"}],"version-history":[{"count":17,"href":"https:\/\/thecookingbook.apieceofpie.com\/index.php?rest_route=\/wp\/v2\/pages\/5085\/revisions"}],"predecessor-version":[{"id":5110,"href":"https:\/\/thecookingbook.apieceofpie.com\/index.php?rest_route=\/wp\/v2\/pages\/5085\/revisions\/5110"}],"up":[{"embeddable":true,"href":"https:\/\/thecookingbook.apieceofpie.com\/index.php?rest_route=\/wp\/v2\/pages\/1648"}],"wp:attachment":[{"href":"https:\/\/thecookingbook.apieceofpie.com\/index.php?rest_route=%2Fwp%2Fv2%2Fmedia&parent=5085"}],"wp:term":[{"taxonomy":"folder","embeddable":true,"href":"https:\/\/thecookingbook.apieceofpie.com\/index.php?rest_route=%2Fwp%2Fv2%2Ffolder&post=5085"}],"curies":[{"name":"wp","href":"https:\/\/api.w.org\/{rel}","templated":true}]}}