{"id":2646,"date":"2024-09-02T15:40:50","date_gmt":"2024-09-02T15:40:50","guid":{"rendered":"https:\/\/clientes.apieceofpie.com\/?page_id=2646"},"modified":"2024-10-09T22:58:14","modified_gmt":"2024-10-09T22:58:14","slug":"sobre-nuestra-plataforma","status":"publish","type":"page","link":"https:\/\/thecookingbook.apieceofpie.com\/?page_id=2646","title":{"rendered":"Sobre nuestra plataforma"},"content":{"rendered":"\t\t<div data-elementor-type=\"wp-page\" data-elementor-id=\"2646\" class=\"elementor elementor-2646\" data-elementor-post-type=\"page\">\n\t\t\t\t<div class=\"elementor-element elementor-element-df71b62 e-con-full e-flex wpr-particle-no wpr-jarallax-no wpr-parallax-no wpr-sticky-section-no e-con e-parent\" data-id=\"df71b62\" data-element_type=\"container\" data-e-type=\"container\">\n\t\t<div class=\"elementor-element elementor-element-30ef2ba e-flex e-con-boxed wpr-particle-no wpr-jarallax-no wpr-parallax-no wpr-sticky-section-no e-con e-child\" data-id=\"30ef2ba\" data-element_type=\"container\" data-e-type=\"container\">\n\t\t\t\t\t<div class=\"e-con-inner\">\n\t\t<div class=\"elementor-element elementor-element-67fc2bc e-con-full e-flex wpr-particle-no wpr-jarallax-no wpr-parallax-no wpr-sticky-section-no e-con e-child\" data-id=\"67fc2bc\" data-element_type=\"container\" data-e-type=\"container\">\n\t\t\t\t<div class=\"elementor-element elementor-element-48594c5 elementor-widget__width-initial elementor-widget elementor-widget-image\" data-id=\"48594c5\" data-element_type=\"widget\" data-e-type=\"widget\" data-widget_type=\"image.default\">\n\t\t\t\t<div class=\"elementor-widget-container\">\n\t\t\t\t\t\t\t\t\t\t\t\t\t\t\t<img fetchpriority=\"high\" decoding=\"async\" width=\"1024\" height=\"585\" src=\"https:\/\/thecookingbook.apieceofpie.com\/wp-content\/uploads\/2024\/09\/Designer-plataforma-1024x585.jpeg\" class=\"attachment-large size-large wp-image-2664\" alt=\"\" srcset=\"https:\/\/thecookingbook.apieceofpie.com\/wp-content\/uploads\/2024\/09\/Designer-plataforma-1024x585.jpeg 1024w, https:\/\/thecookingbook.apieceofpie.com\/wp-content\/uploads\/2024\/09\/Designer-plataforma-300x171.jpeg 300w, https:\/\/thecookingbook.apieceofpie.com\/wp-content\/uploads\/2024\/09\/Designer-plataforma-768x439.jpeg 768w, https:\/\/thecookingbook.apieceofpie.com\/wp-content\/uploads\/2024\/09\/Designer-plataforma-1536x878.jpeg 1536w, https:\/\/thecookingbook.apieceofpie.com\/wp-content\/uploads\/2024\/09\/Designer-plataforma.jpeg 1792w\" sizes=\"(max-width: 1024px) 100vw, 1024px\" \/>\t\t\t\t\t\t\t\t\t\t\t\t\t\t\t<\/div>\n\t\t\t\t<\/div>\n\t\t<div class=\"elementor-element elementor-element-ac07703 e-con-full e-flex wpr-particle-no wpr-jarallax-no wpr-parallax-no wpr-sticky-section-no e-con e-child\" data-id=\"ac07703\" data-element_type=\"container\" data-e-type=\"container\" data-settings=\"{&quot;background_background&quot;:&quot;classic&quot;}\">\n\t\t\t\t<div class=\"elementor-element elementor-element-72fa68b elementor-widget elementor-widget-heading\" data-id=\"72fa68b\" data-element_type=\"widget\" data-e-type=\"widget\" data-widget_type=\"heading.default\">\n\t\t\t\t<div class=\"elementor-widget-container\">\n\t\t\t\t\t<h5 class=\"elementor-heading-title elementor-size-default\">Sobre nuestra plataforma<\/h5>\t\t\t\t<\/div>\n\t\t\t\t<\/div>\n\t\t\t\t<div class=\"elementor-element elementor-element-3825283 elementor-widget elementor-widget-text-editor\" data-id=\"3825283\" data-element_type=\"widget\" data-e-type=\"widget\" data-widget_type=\"text-editor.default\">\n\t\t\t\t<div class=\"elementor-widget-container\">\n\t\t\t\t\t\t\t\t\t<p>Bienvenido a nuestra plataforma digital, un espacio integral donde podr\u00e1s acceder a eventos, infograf\u00edas y art\u00edculos especializados sobre temas m\u00e9dicos, seguros, banca y consumo masivo. Ofrecemos informaci\u00f3n actualizada y confiable para mantenerte al tanto de las \u00faltimas tendencias e innovaciones en estos sectores clave.<\/p><p>Aqu\u00ed encontrar\u00e1s eventos como conferencias y seminarios con expertos, dise\u00f1ados para profundizar en \u00e1reas espec\u00edficas y fomentar el intercambio de ideas. Adem\u00e1s, nuestras infograf\u00edas y art\u00edculos presentan de manera clara y visual los temas m\u00e1s complejos, permiti\u00e9ndote acceder a datos esenciales de forma r\u00e1pida y eficiente.<\/p><p>Ya sea que busques conocimiento en el \u00e1rea de la salud, finanzas o productos de consumo, nuestra plataforma te ofrece un punto de encuentro confiable para obtener la informaci\u00f3n que necesitas y tomar decisiones informadas en un entorno en constante evoluci\u00f3n.<\/p>\t\t\t\t\t\t\t\t<\/div>\n\t\t\t\t<\/div>\n\t\t\t\t<\/div>\n\t\t\t\t<\/div>\n\t\t\t\t\t<\/div>\n\t\t\t\t<\/div>\n\t\t\t\t<\/div>\n\t\t<div class=\"elementor-element elementor-element-2d15603 e-flex e-con-boxed wpr-particle-no wpr-jarallax-no wpr-parallax-no wpr-sticky-section-no e-con e-parent\" data-id=\"2d15603\" data-element_type=\"container\" data-e-type=\"container\">\n\t\t\t\t\t<div class=\"e-con-inner\">\n\t\t\t\t<div class=\"elementor-element elementor-element-ed91a80 elementor-widget-divider--view-line elementor-widget elementor-widget-divider\" data-id=\"ed91a80\" data-element_type=\"widget\" data-e-type=\"widget\" data-widget_type=\"divider.default\">\n\t\t\t\t<div class=\"elementor-widget-container\">\n\t\t\t\t\t\t\t<div class=\"elementor-divider\">\n\t\t\t<span class=\"elementor-divider-separator\">\n\t\t\t\t\t\t<\/span>\n\t\t<\/div>\n\t\t\t\t\t\t<\/div>\n\t\t\t\t<\/div>\n\t\t\t\t\t<\/div>\n\t\t\t\t<\/div>\n\t\t<div class=\"elementor-element elementor-element-36d9276 e-con-full e-flex wpr-particle-no wpr-jarallax-no wpr-parallax-no wpr-sticky-section-no e-con e-parent\" data-id=\"36d9276\" data-element_type=\"container\" data-e-type=\"container\" data-settings=\"{&quot;background_background&quot;:&quot;classic&quot;}\">\n\t\t<div class=\"elementor-element elementor-element-6250438 e-con-full e-flex wpr-particle-no wpr-jarallax-no wpr-parallax-no wpr-sticky-section-no e-con e-child\" data-id=\"6250438\" data-element_type=\"container\" data-e-type=\"container\">\n\t\t\t\t<div class=\"elementor-element elementor-element-71b5953 elementor-widget-mobile__width-initial elementor-widget elementor-widget-image\" data-id=\"71b5953\" data-element_type=\"widget\" data-e-type=\"widget\" data-widget_type=\"image.default\">\n\t\t\t\t<div class=\"elementor-widget-container\">\n\t\t\t\t\t\t\t\t\t\t\t\t\t\t\t<img decoding=\"async\" width=\"768\" height=\"198\" src=\"https:\/\/thecookingbook.apieceofpie.com\/wp-content\/uploads\/2024\/01\/POPMain-Logo-White@2x-768x198.png\" class=\"attachment-medium_large size-medium_large wp-image-365\" alt=\"\" srcset=\"https:\/\/thecookingbook.apieceofpie.com\/wp-content\/uploads\/2024\/01\/POPMain-Logo-White@2x-768x198.png 768w, https:\/\/thecookingbook.apieceofpie.com\/wp-content\/uploads\/2024\/01\/POPMain-Logo-White@2x-300x77.png 300w, https:\/\/thecookingbook.apieceofpie.com\/wp-content\/uploads\/2024\/01\/POPMain-Logo-White@2x-1024x264.png 1024w, https:\/\/thecookingbook.apieceofpie.com\/wp-content\/uploads\/2024\/01\/POPMain-Logo-White@2x-1536x396.png 1536w, https:\/\/thecookingbook.apieceofpie.com\/wp-content\/uploads\/2024\/01\/POPMain-Logo-White@2x.png 1724w\" sizes=\"(max-width: 768px) 100vw, 768px\" \/>\t\t\t\t\t\t\t\t\t\t\t\t\t\t\t<\/div>\n\t\t\t\t<\/div>\n\t\t\t\t<\/div>\n\t\t\t\t<\/div>\n\t\t<div class=\"elementor-element elementor-element-665387a e-flex e-con-boxed wpr-particle-no wpr-jarallax-no wpr-parallax-no wpr-sticky-section-no e-con e-parent\" data-id=\"665387a\" data-element_type=\"container\" data-e-type=\"container\">\n\t\t\t\t\t<div class=\"e-con-inner\">\n\t\t\t\t\t<\/div>\n\t\t\t\t<\/div>\n\t\t\t\t<\/div>\n\t\t","protected":false},"excerpt":{"rendered":"<p>Sobre nuestra plataforma Bienvenido a nuestra plataforma digital, un espacio integral donde podr\u00e1s acceder a eventos, infograf\u00edas y art\u00edculos especializados sobre temas m\u00e9dicos, seguros, banca y consumo masivo. Ofrecemos informaci\u00f3n actualizada y confiable para mantenerte al tanto de las \u00faltimas tendencias e innovaciones en estos sectores clave. Aqu\u00ed encontrar\u00e1s eventos como conferencias y seminarios con expertos, dise\u00f1ados para profundizar en \u00e1reas espec\u00edficas y fomentar el intercambio de ideas. Adem\u00e1s, nuestras infograf\u00edas y art\u00edculos presentan de manera clara y visual los temas m\u00e1s complejos, permiti\u00e9ndote acceder a datos esenciales de forma r\u00e1pida y eficiente. Ya sea que busques conocimiento en el \u00e1rea de la salud, finanzas o productos de consumo, nuestra plataforma te ofrece un punto de encuentro confiable para obtener la informaci\u00f3n que necesitas y tomar decisiones informadas en un entorno en constante evoluci\u00f3n.<\/p>\n","protected":false},"author":4,"featured_media":0,"parent":0,"menu_order":1,"comment_status":"closed","ping_status":"closed","template":"","meta":{"content-type":"","site-sidebar-layout":"no-sidebar","site-content-layout":"","ast-site-content-layout":"full-width-container","site-content-style":"default","site-sidebar-style":"default","ast-global-header-display":"","ast-banner-title-visibility":"","ast-main-header-display":"","ast-hfb-above-header-display":"","ast-hfb-below-header-display":"","ast-hfb-mobile-header-display":"","site-post-title":"","ast-breadcrumbs-content":"","ast-featured-img":"disabled","footer-sml-layout":"","theme-transparent-header-meta":"","adv-header-id-meta":"","stick-header-meta":"","header-above-stick-meta":"","header-main-stick-meta":"","header-below-stick-meta":"","astra-migrate-meta-layouts":"default","ast-page-background-enabled":"default","ast-page-background-meta":{"desktop":{"background-color":"var(--ast-global-color-4)","background-image":"","background-repeat":"repeat","background-position":"center center","background-size":"auto","background-attachment":"scroll","background-type":"","background-media":"","overlay-type":"","overlay-color":"","overlay-opacity":"","overlay-gradient":""},"tablet":{"background-color":"","background-image":"","background-repeat":"repeat","background-position":"center center","background-size":"auto","background-attachment":"scroll","background-type":"","background-media":"","overlay-type":"","overlay-color":"","overlay-opacity":"","overlay-gradient":""},"mobile":{"background-color":"","background-image":"","background-repeat":"repeat","background-position":"center center","background-size":"auto","background-attachment":"scroll","background-type":"","background-media":"","overlay-type":"","overlay-color":"","overlay-opacity":"","overlay-gradient":""}},"ast-content-background-meta":{"desktop":{"background-color":"var(--ast-global-color-5)","background-image":"","background-repeat":"repeat","background-position":"center center","background-size":"auto","background-attachment":"scroll","background-type":"","background-media":"","overlay-type":"","overlay-color":"","overlay-opacity":"","overlay-gradient":""},"tablet":{"background-color":"var(--ast-global-color-5)","background-image":"","background-repeat":"repeat","background-position":"center center","background-size":"auto","background-attachment":"scroll","background-type":"","background-media":"","overlay-type":"","overlay-color":"","overlay-opacity":"","overlay-gradient":""},"mobile":{"background-color":"var(--ast-global-color-5)","background-image":"","background-repeat":"repeat","background-position":"center center","background-size":"auto","background-attachment":"scroll","background-type":"","background-media":"","overlay-type":"","overlay-color":"","overlay-opacity":"","overlay-gradient":""}},"footnotes":""},"folder":[18],"class_list":["post-2646","page","type-page","status-publish","hentry"],"_links":{"self":[{"href":"https:\/\/thecookingbook.apieceofpie.com\/index.php?rest_route=\/wp\/v2\/pages\/2646"}],"collection":[{"href":"https:\/\/thecookingbook.apieceofpie.com\/index.php?rest_route=\/wp\/v2\/pages"}],"about":[{"href":"https:\/\/thecookingbook.apieceofpie.com\/index.php?rest_route=\/wp\/v2\/types\/page"}],"author":[{"embeddable":true,"href":"https:\/\/thecookingbook.apieceofpie.com\/index.php?rest_route=\/wp\/v2\/users\/4"}],"replies":[{"embeddable":true,"href":"https:\/\/thecookingbook.apieceofpie.com\/index.php?rest_route=%2Fwp%2Fv2%2Fcomments&post=2646"}],"version-history":[{"count":131,"href":"https:\/\/thecookingbook.apieceofpie.com\/index.php?rest_route=\/wp\/v2\/pages\/2646\/revisions"}],"predecessor-version":[{"id":3814,"href":"https:\/\/thecookingbook.apieceofpie.com\/index.php?rest_route=\/wp\/v2\/pages\/2646\/revisions\/3814"}],"wp:attachment":[{"href":"https:\/\/thecookingbook.apieceofpie.com\/index.php?rest_route=%2Fwp%2Fv2%2Fmedia&parent=2646"}],"wp:term":[{"taxonomy":"folder","embeddable":true,"href":"https:\/\/thecookingbook.apieceofpie.com\/index.php?rest_route=%2Fwp%2Fv2%2Ffolder&post=2646"}],"curies":[{"name":"wp","href":"https:\/\/api.w.org\/{rel}","templated":true}]}}