{"id":1745,"date":"2024-08-26T14:20:16","date_gmt":"2024-08-26T14:20:16","guid":{"rendered":"https:\/\/clientes.apieceofpie.com\/?page_id=1745"},"modified":"2025-01-27T17:18:44","modified_gmt":"2025-01-27T17:18:44","slug":"evento-cazando-monstruos","status":"publish","type":"page","link":"https:\/\/thecookingbook.apieceofpie.com\/?page_id=1745","title":{"rendered":"Evento Cazando Monstruos"},"content":{"rendered":"\t\t<div data-elementor-type=\"wp-page\" data-elementor-id=\"1745\" class=\"elementor elementor-1745\" data-elementor-post-type=\"page\">\n\t\t\t\t<div class=\"elementor-element elementor-element-f997a15 e-transform e-flex e-con-boxed wpr-particle-no wpr-jarallax-no wpr-parallax-no wpr-sticky-section-no e-con e-parent\" data-id=\"f997a15\" data-element_type=\"container\" data-e-type=\"container\" data-settings=\"{&quot;_transform_scale_effect_mobile&quot;:{&quot;unit&quot;:&quot;px&quot;,&quot;size&quot;:1,&quot;sizes&quot;:[]},&quot;_transform_scale_effect&quot;:{&quot;unit&quot;:&quot;px&quot;,&quot;size&quot;:&quot;&quot;,&quot;sizes&quot;:[]},&quot;_transform_scale_effect_tablet&quot;:{&quot;unit&quot;:&quot;px&quot;,&quot;size&quot;:&quot;&quot;,&quot;sizes&quot;:[]}}\">\n\t\t\t\t\t<div class=\"e-con-inner\">\n\t\t<div class=\"elementor-element elementor-element-7004f13 e-con-full e-flex wpr-particle-no wpr-jarallax-no wpr-parallax-no wpr-sticky-section-no e-con e-child\" data-id=\"7004f13\" data-element_type=\"container\" data-e-type=\"container\">\n\t\t<div class=\"elementor-element elementor-element-6a0cc69 e-con-full e-flex wpr-particle-no wpr-jarallax-no wpr-parallax-no wpr-sticky-section-no e-con e-child\" data-id=\"6a0cc69\" data-element_type=\"container\" data-e-type=\"container\">\n\t\t<div class=\"elementor-element elementor-element-f0b97d9 e-con-full e-flex wpr-particle-no wpr-jarallax-no wpr-parallax-no wpr-sticky-section-no e-con e-child\" data-id=\"f0b97d9\" data-element_type=\"container\" data-e-type=\"container\">\n\t\t\t\t<div class=\"elementor-element elementor-element-8de5ccf elementor-widget elementor-widget-video\" data-id=\"8de5ccf\" data-element_type=\"widget\" data-e-type=\"widget\" data-settings=\"{&quot;video_type&quot;:&quot;hosted&quot;,&quot;controls&quot;:&quot;yes&quot;}\" data-widget_type=\"video.default\">\n\t\t\t\t<div class=\"elementor-widget-container\">\n\t\t\t\t\t\t\t<div class=\"e-hosted-video elementor-wrapper elementor-open-inline\">\n\t\t\t\t\t<video class=\"elementor-video\" src=\"http:\/\/clientes.apieceofpie.com\/wp-content\/uploads\/2024\/11\/311024_Cazando_Monstruos.mp4\" controls=\"\" preload=\"metadata\" controlsList=\"nodownload\" poster=\"http:\/\/clientes.apieceofpie.com\/wp-content\/uploads\/2024\/10\/241007_ComercialSnacks_v2.jpg\"><\/video>\n\t\t\t\t<\/div>\n\t\t\t\t\t\t<\/div>\n\t\t\t\t<\/div>\n\t\t\t\t<div class=\"elementor-element elementor-element-a3709b8 elementor-widget__width-initial elementor-widget elementor-widget-text-editor\" data-id=\"a3709b8\" data-element_type=\"widget\" data-e-type=\"widget\" data-widget_type=\"text-editor.default\">\n\t\t\t\t<div class=\"elementor-widget-container\">\n\t\t\t\t\t\t\t\t\t<p>Consumo masivo- 31\/10\/2024<\/p>\t\t\t\t\t\t\t\t<\/div>\n\t\t\t\t<\/div>\n\t\t<div class=\"elementor-element elementor-element-8414ed3 e-grid e-con-full wpr-particle-no wpr-jarallax-no wpr-parallax-no wpr-sticky-section-no e-con e-child\" data-id=\"8414ed3\" data-element_type=\"container\" data-e-type=\"container\">\n\t\t\t\t<div class=\"elementor-element elementor-element-62342d2 elementor-widget elementor-widget-button\" data-id=\"62342d2\" data-element_type=\"widget\" data-e-type=\"widget\" data-widget_type=\"button.default\">\n\t\t\t\t<div class=\"elementor-widget-container\">\n\t\t\t\t\t\t\t\t\t<div class=\"elementor-button-wrapper\">\n\t\t\t\t\t<a class=\"elementor-button elementor-button-link elementor-size-sm\" href=\"http:\/\/clientes.apieceofpie.com\/wp-content\/uploads\/2024\/11\/241021_Presentacion-Cazando-Monstruos-PDF.pdf\" target=\"_blank\">\n\t\t\t\t\t\t<span class=\"elementor-button-content-wrapper\">\n\t\t\t\t\t\t<span class=\"elementor-button-icon\">\n\t\t\t\t<i aria-hidden=\"true\" class=\"far fa-arrow-alt-circle-down\"><\/i>\t\t\t<\/span>\n\t\t\t\t\t\t\t\t\t<span class=\"elementor-button-text\">Descargar documento<\/span>\n\t\t\t\t\t<\/span>\n\t\t\t\t\t<\/a>\n\t\t\t\t<\/div>\n\t\t\t\t\t\t\t\t<\/div>\n\t\t\t\t<\/div>\n\t\t\t\t<\/div>\n\t\t\t\t<\/div>\n\t\t\t\t<\/div>\n\t\t\t\t<\/div>\n\t\t<div class=\"elementor-element elementor-element-130df07 e-con-full e-flex wpr-particle-no wpr-jarallax-no wpr-parallax-no wpr-sticky-section-no e-con e-child\" data-id=\"130df07\" data-element_type=\"container\" data-e-type=\"container\">\n\t\t\t\t<div class=\"elementor-element elementor-element-58c20a1 elementor-widget elementor-widget-heading\" data-id=\"58c20a1\" data-element_type=\"widget\" data-e-type=\"widget\" data-widget_type=\"heading.default\">\n\t\t\t\t<div class=\"elementor-widget-container\">\n\t\t\t\t\t<h5 class=\"elementor-heading-title elementor-size-default\">\ud83d\udc7bCazando monstruos: Convirtiendo el miedo a los snacks en oportunidades de negocio.<\/h5>\t\t\t\t<\/div>\n\t\t\t\t<\/div>\n\t\t\t\t<div class=\"elementor-element elementor-element-1d1bd57 elementor-widget elementor-widget-text-editor\" data-id=\"1d1bd57\" data-element_type=\"widget\" data-e-type=\"widget\" data-widget_type=\"text-editor.default\">\n\t\t\t\t<div class=\"elementor-widget-container\">\n\t\t\t\t\t\t\t\t\t<p><span data-usefontface=\"true\" data-contrast=\"none\">Los snacks nos han acompa\u00f1ado en muchos momentos de nuestra vida, desde <\/span><b><span data-usefontface=\"true\" data-contrast=\"none\">reuniones sociales<\/span><\/b><span data-usefontface=\"true\" data-contrast=\"none\"> hasta momentos en <\/span><b><span data-usefontface=\"true\" data-contrast=\"none\">solitario.<\/span><\/b><span data-usefontface=\"true\" data-contrast=\"none\"> Hay quienes los <\/span><b><span data-usefontface=\"true\" data-contrast=\"none\">aman y no pueden <\/span><\/b><b><span data-usefontface=\"true\" data-contrast=\"none\">vivir sin ellos<\/span><\/b><span data-usefontface=\"true\" data-contrast=\"none\">, pero otros les <\/span><b><span data-usefontface=\"true\" data-contrast=\"none\">temen a los efectos <\/span><\/b><span data-usefontface=\"true\" data-contrast=\"none\">que pueden tener en su salud.&nbsp;<br><\/span><span data-usefontface=\"true\" data-contrast=\"none\">\u00bfQu\u00e9 hay detr\u00e1s de estos miedos? \u00bfSer\u00e1 que los snacks est\u00e1n llegando a su fin?<\/span><\/p>\n<p><strong><span class=\"TextRun SCXP238047118 BCX0\" lang=\"ES-ES\" xml:lang=\"ES-ES\" data-usefontface=\"true\" data-contrast=\"none\"><span class=\"NormalTextRun SCXP238047118 BCX0\">En esta charla encontrar\u00e1s:<br><\/span><\/span><\/strong><\/p>\n<ul style=\"font-weight: 400;\">\n<li data-charcodes=\"45\" data-font=\"Calibri,Sans-Serif\" data-buautonum=\"8\" data-margin=\"270\" data-aria-posinset=\"1\" data-aria-level=\"1\"><span data-usefontface=\"true\" data-contrast=\"none\">Las razones&nbsp;por las cuales muchos de tus consumidores&nbsp;<\/span><b><span data-usefontface=\"true\" data-contrast=\"none\">les temen a los snacks<\/span><\/b><span data-usefontface=\"true\" data-contrast=\"none\">&nbsp; y <\/span><span data-usefontface=\"true\" data-contrast=\"none\">los perciben como <\/span><b><span data-usefontface=\"true\" data-contrast=\"none\">monstruos \ud83d\udc7b<\/span><\/b><\/li>\n<li data-charcodes=\"45\" data-font=\"Calibri,Sans-Serif\" data-buautonum=\"8\" data-margin=\"270\" data-aria-posinset=\"2\" data-aria-level=\"1\"><span data-usefontface=\"true\" data-contrast=\"none\">Los <\/span><b><span data-usefontface=\"true\" data-contrast=\"none\">3 monstruos de los snacks<\/span><\/b><span data-usefontface=\"true\" data-contrast=\"none\">, de d\u00f3nde nacen y que <\/span><b><span data-usefontface=\"true\" data-contrast=\"none\">impacto <\/span><\/b><span data-usefontface=\"true\" data-contrast=\"none\">han tenido en el <\/span><span data-usefontface=\"true\" data-contrast=\"none\">comportamiento de tus consumidores <\/span><span data-usefontface=\"true\" data-contrast=\"none\">\ud83d\uded2<\/span><\/li>\n<li data-charcodes=\"45\" data-font=\"Calibri,Sans-Serif\" data-buautonum=\"8\" data-margin=\"270\" data-aria-posinset=\"3\" data-aria-level=\"1\"><span data-usefontface=\"true\" data-contrast=\"none\">Las <\/span><b><span data-usefontface=\"true\" data-contrast=\"none\">4 tendencias principales<\/span><\/b><span data-usefontface=\"true\" data-contrast=\"none\"> de los consumidores que surgen del <\/span><b><span data-usefontface=\"true\" data-contrast=\"none\">miedo a los <\/span><\/b><b><span data-usefontface=\"true\" data-contrast=\"none\">snacks<\/span><\/b><span data-usefontface=\"true\" data-contrast=\"none\"> y como<\/span><b><span data-usefontface=\"true\" data-contrast=\"none\"> aprovecharlas<\/span><\/b><span data-usefontface=\"true\" data-contrast=\"none\"> para crear nuevos nichos de negocio <\/span><span data-usefontface=\"true\" data-contrast=\"none\">\ud83d\udcc8<\/span><\/li>\n<li data-charcodes=\"45\" data-font=\"Calibri,Sans-Serif\" data-buautonum=\"8\" data-margin=\"270\" data-aria-posinset=\"4\" data-aria-level=\"1\"><b><span data-usefontface=\"true\" data-contrast=\"none\">Las armas <\/span><\/b><span data-usefontface=\"true\" data-contrast=\"none\">\u2694\ufe0f<\/span><span data-usefontface=\"true\" data-contrast=\"none\">&nbsp;que puedes usar para <\/span><b><span data-usefontface=\"true\" data-contrast=\"none\">enfrentar cada uno estos monstruos<\/span><\/b><span data-usefontface=\"true\" data-contrast=\"none\"> y <\/span><span data-usefontface=\"true\" data-contrast=\"none\">convertirlos en <\/span><b><span data-usefontface=\"true\" data-contrast=\"none\">oportunidades<\/span><\/b><span data-usefontface=\"true\" data-contrast=\"none\"> que te conviertan en un h\u00e9roe ante tus <\/span><span data-usefontface=\"true\" data-contrast=\"none\">consumidores<\/span>.<\/li>\n<\/ul>\t\t\t\t\t\t\t\t<\/div>\n\t\t\t\t<\/div>\n\t\t\t\t<\/div>\n\t\t\t\t\t<\/div>\n\t\t\t\t<\/div>\n\t\t<div class=\"elementor-element elementor-element-e5bdc25 e-flex e-con-boxed wpr-particle-no wpr-jarallax-no wpr-parallax-no wpr-sticky-section-no e-con e-parent\" data-id=\"e5bdc25\" data-element_type=\"container\" data-e-type=\"container\">\n\t\t\t\t\t<div class=\"e-con-inner\">\n\t\t\t\t\t<\/div>\n\t\t\t\t<\/div>\n\t\t<div class=\"elementor-element elementor-element-36d9276 e-con-full e-flex wpr-particle-no wpr-jarallax-no wpr-parallax-no wpr-sticky-section-no e-con e-parent\" data-id=\"36d9276\" data-element_type=\"container\" data-e-type=\"container\" data-settings=\"{&quot;background_background&quot;:&quot;classic&quot;}\">\n\t\t<div class=\"elementor-element elementor-element-6250438 e-con-full e-flex wpr-particle-no wpr-jarallax-no wpr-parallax-no wpr-sticky-section-no e-con e-child\" data-id=\"6250438\" data-element_type=\"container\" data-e-type=\"container\">\n\t\t\t\t<div class=\"elementor-element elementor-element-71b5953 elementor-widget-mobile__width-initial elementor-widget elementor-widget-image\" data-id=\"71b5953\" data-element_type=\"widget\" data-e-type=\"widget\" data-widget_type=\"image.default\">\n\t\t\t\t<div class=\"elementor-widget-container\">\n\t\t\t\t\t\t\t\t\t\t\t\t\t\t\t<img fetchpriority=\"high\" decoding=\"async\" width=\"768\" height=\"198\" src=\"https:\/\/thecookingbook.apieceofpie.com\/wp-content\/uploads\/2024\/01\/POPMain-Logo-White@2x-768x198.png\" class=\"attachment-medium_large size-medium_large wp-image-365\" alt=\"\" srcset=\"https:\/\/thecookingbook.apieceofpie.com\/wp-content\/uploads\/2024\/01\/POPMain-Logo-White@2x-768x198.png 768w, https:\/\/thecookingbook.apieceofpie.com\/wp-content\/uploads\/2024\/01\/POPMain-Logo-White@2x-300x77.png 300w, https:\/\/thecookingbook.apieceofpie.com\/wp-content\/uploads\/2024\/01\/POPMain-Logo-White@2x-1024x264.png 1024w, https:\/\/thecookingbook.apieceofpie.com\/wp-content\/uploads\/2024\/01\/POPMain-Logo-White@2x-1536x396.png 1536w, https:\/\/thecookingbook.apieceofpie.com\/wp-content\/uploads\/2024\/01\/POPMain-Logo-White@2x.png 1724w\" sizes=\"(max-width: 768px) 100vw, 768px\" \/>\t\t\t\t\t\t\t\t\t\t\t\t\t\t\t<\/div>\n\t\t\t\t<\/div>\n\t\t\t\t<\/div>\n\t\t\t\t<\/div>\n\t\t\t\t<\/div>\n\t\t","protected":false},"excerpt":{"rendered":"<p>http:\/\/clientes.apieceofpie.com\/wp-content\/uploads\/2024\/11\/311024_Cazando_Monstruos.mp4 Consumo masivo- 31\/10\/2024 Descargar documento \ud83d\udc7bCazando monstruos: Convirtiendo el miedo a los snacks en oportunidades de negocio. Los snacks nos han acompa\u00f1ado en muchos momentos de nuestra vida, desde reuniones sociales hasta momentos en solitario. Hay quienes los aman y no pueden vivir sin ellos, pero otros les temen a los efectos que pueden tener en su salud.&nbsp;\u00bfQu\u00e9 hay detr\u00e1s de estos miedos? \u00bfSer\u00e1 que los snacks est\u00e1n llegando a su fin? En esta charla encontrar\u00e1s: Las razones&nbsp;por las cuales muchos de tus consumidores&nbsp;les temen a los snacks&nbsp; y los perciben como monstruos \ud83d\udc7b Los 3 monstruos de los snacks, de d\u00f3nde nacen y que impacto han tenido en el comportamiento de tus consumidores \ud83d\uded2 Las 4 tendencias principales de los consumidores que surgen del miedo a los snacks y como aprovecharlas para crear nuevos nichos de negocio \ud83d\udcc8 Las armas \u2694\ufe0f&nbsp;que puedes usar para enfrentar cada uno estos monstruos y convertirlos en oportunidades que te conviertan en un h\u00e9roe ante tus consumidores.<\/p>\n","protected":false},"author":4,"featured_media":0,"parent":1648,"menu_order":0,"comment_status":"closed","ping_status":"closed","template":"","meta":{"content-type":"","site-sidebar-layout":"no-sidebar","site-content-layout":"","ast-site-content-layout":"full-width-container","site-content-style":"default","site-sidebar-style":"default","ast-global-header-display":"","ast-banner-title-visibility":"","ast-main-header-display":"","ast-hfb-above-header-display":"","ast-hfb-below-header-display":"","ast-hfb-mobile-header-display":"","site-post-title":"","ast-breadcrumbs-content":"","ast-featured-img":"disabled","footer-sml-layout":"","theme-transparent-header-meta":"","adv-header-id-meta":"","stick-header-meta":"","header-above-stick-meta":"","header-main-stick-meta":"","header-below-stick-meta":"","astra-migrate-meta-layouts":"default","ast-page-background-enabled":"default","ast-page-background-meta":{"desktop":{"background-color":"var(--ast-global-color-4)","background-image":"","background-repeat":"repeat","background-position":"center center","background-size":"auto","background-attachment":"scroll","background-type":"","background-media":"","overlay-type":"","overlay-color":"","overlay-opacity":"","overlay-gradient":""},"tablet":{"background-color":"","background-image":"","background-repeat":"repeat","background-position":"center center","background-size":"auto","background-attachment":"scroll","background-type":"","background-media":"","overlay-type":"","overlay-color":"","overlay-opacity":"","overlay-gradient":""},"mobile":{"background-color":"","background-image":"","background-repeat":"repeat","background-position":"center center","background-size":"auto","background-attachment":"scroll","background-type":"","background-media":"","overlay-type":"","overlay-color":"","overlay-opacity":"","overlay-gradient":""}},"ast-content-background-meta":{"desktop":{"background-color":"var(--ast-global-color-5)","background-image":"","background-repeat":"repeat","background-position":"center center","background-size":"auto","background-attachment":"scroll","background-type":"","background-media":"","overlay-type":"","overlay-color":"","overlay-opacity":"","overlay-gradient":""},"tablet":{"background-color":"var(--ast-global-color-5)","background-image":"","background-repeat":"repeat","background-position":"center center","background-size":"auto","background-attachment":"scroll","background-type":"","background-media":"","overlay-type":"","overlay-color":"","overlay-opacity":"","overlay-gradient":""},"mobile":{"background-color":"var(--ast-global-color-5)","background-image":"","background-repeat":"repeat","background-position":"center center","background-size":"auto","background-attachment":"scroll","background-type":"","background-media":"","overlay-type":"","overlay-color":"","overlay-opacity":"","overlay-gradient":""}},"footnotes":""},"folder":[18],"class_list":["post-1745","page","type-page","status-publish","hentry"],"_links":{"self":[{"href":"https:\/\/thecookingbook.apieceofpie.com\/index.php?rest_route=\/wp\/v2\/pages\/1745"}],"collection":[{"href":"https:\/\/thecookingbook.apieceofpie.com\/index.php?rest_route=\/wp\/v2\/pages"}],"about":[{"href":"https:\/\/thecookingbook.apieceofpie.com\/index.php?rest_route=\/wp\/v2\/types\/page"}],"author":[{"embeddable":true,"href":"https:\/\/thecookingbook.apieceofpie.com\/index.php?rest_route=\/wp\/v2\/users\/4"}],"replies":[{"embeddable":true,"href":"https:\/\/thecookingbook.apieceofpie.com\/index.php?rest_route=%2Fwp%2Fv2%2Fcomments&post=1745"}],"version-history":[{"count":728,"href":"https:\/\/thecookingbook.apieceofpie.com\/index.php?rest_route=\/wp\/v2\/pages\/1745\/revisions"}],"predecessor-version":[{"id":4830,"href":"https:\/\/thecookingbook.apieceofpie.com\/index.php?rest_route=\/wp\/v2\/pages\/1745\/revisions\/4830"}],"up":[{"embeddable":true,"href":"https:\/\/thecookingbook.apieceofpie.com\/index.php?rest_route=\/wp\/v2\/pages\/1648"}],"wp:attachment":[{"href":"https:\/\/thecookingbook.apieceofpie.com\/index.php?rest_route=%2Fwp%2Fv2%2Fmedia&parent=1745"}],"wp:term":[{"taxonomy":"folder","embeddable":true,"href":"https:\/\/thecookingbook.apieceofpie.com\/index.php?rest_route=%2Fwp%2Fv2%2Ffolder&post=1745"}],"curies":[{"name":"wp","href":"https:\/\/api.w.org\/{rel}","templated":true}]}}